{"id":5,"date":"2018-10-30T13:27:26","date_gmt":"2018-10-30T13:27:26","guid":{"rendered":"https:\/\/the7.io\/g-business\/?page_id=5"},"modified":"2020-01-12T23:52:20","modified_gmt":"2020-01-12T22:52:20","slug":"home","status":"publish","type":"page","link":"https:\/\/www.bokasailingtour.com\/sr\/","title":{"rendered":"Po\u010detna"},"content":{"rendered":{},"protected":false},"excerpt":{"rendered":"<p>[vc_row][vc_column][vc_row_inner][vc_column_inner][vc_separator color=&#8220;sky&#8220;][\/vc_column_inner][\/vc_row_inner][vc_row_inner][vc_column_inner][vc_column_text]Montenegro Sailing \u2013 \u010carter kompanija osnovana od strane nepopravljivih zaljubljenika u more i dugogodi\u0161njih profesionalaca u oblasti nautike i nauti\u010dkog turizma. Na\u0161a baza je u Kotoru, dragulju Boke Kotorske i Crne Gore, koji je sa svijetom, osim morem i kopnom, povezan i aerodromima u obli\u017enjem Tivtu, Podgorici i Dubrovniku. Pru\u017eamo Vam mogu\u0107nost da u\u017eivate&hellip;<\/p>\n","protected":false},"author":1,"featured_media":0,"parent":0,"menu_order":0,"comment_status":"closed","ping_status":"closed","template":"","meta":{"footnotes":""},"_links":{"self":[{"href":"https:\/\/www.bokasailingtour.com\/sr\/wp-json\/wp\/v2\/pages\/5"}],"collection":[{"href":"https:\/\/www.bokasailingtour.com\/sr\/wp-json\/wp\/v2\/pages"}],"about":[{"href":"https:\/\/www.bokasailingtour.com\/sr\/wp-json\/wp\/v2\/types\/page"}],"author":[{"embeddable":true,"href":"https:\/\/www.bokasailingtour.com\/sr\/wp-json\/wp\/v2\/users\/1"}],"replies":[{"embeddable":true,"href":"https:\/\/www.bokasailingtour.com\/sr\/wp-json\/wp\/v2\/comments?post=5"}],"version-history":[{"count":52,"href":"https:\/\/www.bokasailingtour.com\/sr\/wp-json\/wp\/v2\/pages\/5\/revisions"}],"predecessor-version":[{"id":2118,"href":"https:\/\/www.bokasailingtour.com\/sr\/wp-json\/wp\/v2\/pages\/5\/revisions\/2118"}],"wp:attachment":[{"href":"https:\/\/www.bokasailingtour.com\/sr\/wp-json\/wp\/v2\/media?parent=5"}],"curies":[{"name":"wp","href":"https:\/\/api.w.org\/{rel}","templated":true}]}}