{"id":1550,"date":"2019-02-28T17:32:39","date_gmt":"2019-02-28T16:32:39","guid":{"rendered":"http:\/\/www.bokasailingtour.com\/?page_id=1550"},"modified":"2019-03-14T22:52:38","modified_gmt":"2019-03-14T21:52:38","slug":"bavaria-36","status":"publish","type":"page","link":"https:\/\/www.bokasailingtour.com\/sr\/bavaria-36\/","title":{"rendered":"Bavaria 36"},"content":{"rendered":{},"protected":false},"excerpt":{"rendered":"<p>[vc_row type=&#8220;vc_default&#8220; full_width=&#8220;stretch_row_content_no_spaces&#8220;][vc_column][vc_single_image image=&#8220;1564&#8243; img_size=&#8220;full&#8220; add_caption=&#8220;yes&#8220; alignment=&#8220;center&#8220;][\/vc_column][\/vc_row][vc_row][vc_column][vc_row_inner][vc_column_inner width=&#8220;1\/4&#8243;][\/vc_column_inner][vc_column_inner width=&#8220;1\/4&#8243;][\/vc_column_inner][vc_column_inner width=&#8220;1\/4&#8243;][\/vc_column_inner][vc_column_inner width=&#8220;1\/4&#8243;][\/vc_column_inner][\/vc_row_inner][vc_empty_space height=&#8220;55px&#8220;][vc_row_inner][vc_column_inner width=&#8220;1\/4&#8243;][\/vc_column_inner][vc_column_inner width=&#8220;1\/4&#8243;][\/vc_column_inner][vc_column_inner width=&#8220;1\/4&#8243;][\/vc_column_inner][vc_column_inner width=&#8220;1\/4&#8243;][\/vc_column_inner][\/vc_row_inner][vc_empty_space height=&#8220;55px&#8220;][vc_row_inner][vc_column_inner][vc_empty_space][vc_column_text]Roll glavno jedro 27 m\u00b2, Roll genova 36 m\u00b2, Brzinomer, Dubinomer, Sigurnosna oprema, Pribor za navigaciju, Tenda za za\u0161titu od sunca, Sto u kokpitu, Sat i barometar, Hladnjak, Plinski \u0161poret, Topla voda, Komplet pribora za jelo, Priklju\u010dak za struju&hellip;<\/p>\n","protected":false},"author":1,"featured_media":0,"parent":0,"menu_order":0,"comment_status":"closed","ping_status":"closed","template":"","meta":{"footnotes":""},"_links":{"self":[{"href":"https:\/\/www.bokasailingtour.com\/sr\/wp-json\/wp\/v2\/pages\/1550"}],"collection":[{"href":"https:\/\/www.bokasailingtour.com\/sr\/wp-json\/wp\/v2\/pages"}],"about":[{"href":"https:\/\/www.bokasailingtour.com\/sr\/wp-json\/wp\/v2\/types\/page"}],"author":[{"embeddable":true,"href":"https:\/\/www.bokasailingtour.com\/sr\/wp-json\/wp\/v2\/users\/1"}],"replies":[{"embeddable":true,"href":"https:\/\/www.bokasailingtour.com\/sr\/wp-json\/wp\/v2\/comments?post=1550"}],"version-history":[{"count":18,"href":"https:\/\/www.bokasailingtour.com\/sr\/wp-json\/wp\/v2\/pages\/1550\/revisions"}],"predecessor-version":[{"id":1650,"href":"https:\/\/www.bokasailingtour.com\/sr\/wp-json\/wp\/v2\/pages\/1550\/revisions\/1650"}],"wp:attachment":[{"href":"https:\/\/www.bokasailingtour.com\/sr\/wp-json\/wp\/v2\/media?parent=1550"}],"curies":[{"name":"wp","href":"https:\/\/api.w.org\/{rel}","templated":true}]}}