{"id":1362,"date":"2018-12-21T17:54:57","date_gmt":"2018-12-21T17:54:57","guid":{"rendered":"https:\/\/the7.io\/g-creative\/?page_id=6"},"modified":"2019-02-28T18:38:45","modified_gmt":"2019-02-28T17:38:45","slug":"o-nama","status":"publish","type":"page","link":"https:\/\/www.bokasailingtour.com\/sr\/o-nama\/","title":{"rendered":"O nama"},"content":{"rendered":{},"protected":false},"excerpt":{"rendered":"<p>[vc_row][vc_column][vc_column_text]Montenegro Sailing \u2013 \u010carter kompanija osnovana od strane nepopravljivih zaljubljenika u more i dugogodi\u0161njih profesionalaca u oblasti nautike i nauti\u010dkog turizma. Na\u0161a baza je u Kotoru, dragulju Boke Kotorske i Crne Gore, koji je sa svijetom, osim morem i kopnom, povezan i aerodromima u obli\u017enjem Tivtu, Podgorici i Dubrovniku. Pru\u017eamo Vam mogu\u0107nost da u\u017eivate u&hellip;<\/p>\n","protected":false},"author":1,"featured_media":0,"parent":0,"menu_order":20,"comment_status":"closed","ping_status":"closed","template":"","meta":{"footnotes":""},"_links":{"self":[{"href":"https:\/\/www.bokasailingtour.com\/sr\/wp-json\/wp\/v2\/pages\/1362"}],"collection":[{"href":"https:\/\/www.bokasailingtour.com\/sr\/wp-json\/wp\/v2\/pages"}],"about":[{"href":"https:\/\/www.bokasailingtour.com\/sr\/wp-json\/wp\/v2\/types\/page"}],"author":[{"embeddable":true,"href":"https:\/\/www.bokasailingtour.com\/sr\/wp-json\/wp\/v2\/users\/1"}],"replies":[{"embeddable":true,"href":"https:\/\/www.bokasailingtour.com\/sr\/wp-json\/wp\/v2\/comments?post=1362"}],"version-history":[{"count":4,"href":"https:\/\/www.bokasailingtour.com\/sr\/wp-json\/wp\/v2\/pages\/1362\/revisions"}],"predecessor-version":[{"id":1512,"href":"https:\/\/www.bokasailingtour.com\/sr\/wp-json\/wp\/v2\/pages\/1362\/revisions\/1512"}],"wp:attachment":[{"href":"https:\/\/www.bokasailingtour.com\/sr\/wp-json\/wp\/v2\/media?parent=1362"}],"curies":[{"name":"wp","href":"https:\/\/api.w.org\/{rel}","templated":true}]}}