{"id":1288,"date":"2018-11-23T12:42:57","date_gmt":"2018-11-23T12:42:57","guid":{"rendered":"https:\/\/the7.io\/g-business\/?page_id=1288"},"modified":"2019-02-28T18:49:43","modified_gmt":"2019-02-28T17:49:43","slug":"rezervacija","status":"publish","type":"page","link":"https:\/\/www.bokasailingtour.com\/sr\/rezervacija\/","title":{"rendered":"Rezervacija"},"content":{"rendered":{},"protected":false},"excerpt":{"rendered":"<p>[vc_row][vc_column][vc_column_text]Popunite formu i po\u0161aljite upit za rezervaciju. Uskoro \u0107ete dobiti informaciju u vezi Va\u0161e rezervacije.[\/vc_column_text][\/vc_column][\/vc_row][vc_row][vc_column][vc_row_inner][vc_column_inner width=&#8220;2\/3&#8243; css=&#8220;.vc_custom_1551376178706{border-top-width: 1px !important;border-right-width: 1px !important;border-bottom-width: 1px !important;border-left-width: 1px !important;border-left-color: #dbdbdb !important;border-left-style: solid !important;border-right-color: #dbdbdb !important;border-right-style: solid !important;border-top-color: #dbdbdb !important;border-top-style: solid !important;border-bottom-color: #dbdbdb !important;border-bottom-style: solid !important;border-radius: 1px !important;}&#8220;][vc_column_text][\/vc_column_text][\/vc_column_inner][vc_column_inner width=&#8220;1\/3&#8243;][vc_single_image image=&#8220;1523&#8243; img_size=&#8220;full&#8220; alignment=&#8220;center&#8220;][\/vc_column_inner][\/vc_row_inner][\/vc_column][\/vc_row]<\/p>\n","protected":false},"author":1,"featured_media":0,"parent":0,"menu_order":3,"comment_status":"closed","ping_status":"closed","template":"","meta":{"footnotes":""},"_links":{"self":[{"href":"https:\/\/www.bokasailingtour.com\/sr\/wp-json\/wp\/v2\/pages\/1288"}],"collection":[{"href":"https:\/\/www.bokasailingtour.com\/sr\/wp-json\/wp\/v2\/pages"}],"about":[{"href":"https:\/\/www.bokasailingtour.com\/sr\/wp-json\/wp\/v2\/types\/page"}],"author":[{"embeddable":true,"href":"https:\/\/www.bokasailingtour.com\/sr\/wp-json\/wp\/v2\/users\/1"}],"replies":[{"embeddable":true,"href":"https:\/\/www.bokasailingtour.com\/sr\/wp-json\/wp\/v2\/comments?post=1288"}],"version-history":[{"count":15,"href":"https:\/\/www.bokasailingtour.com\/sr\/wp-json\/wp\/v2\/pages\/1288\/revisions"}],"predecessor-version":[{"id":1570,"href":"https:\/\/www.bokasailingtour.com\/sr\/wp-json\/wp\/v2\/pages\/1288\/revisions\/1570"}],"wp:attachment":[{"href":"https:\/\/www.bokasailingtour.com\/sr\/wp-json\/wp\/v2\/media?parent=1288"}],"curies":[{"name":"wp","href":"https:\/\/api.w.org\/{rel}","templated":true}]}}