{"id":1233,"date":"2018-11-18T11:33:46","date_gmt":"2018-11-18T11:33:46","guid":{"rendered":"https:\/\/the7.io\/g-business\/?page_id=1233"},"modified":"2019-03-09T21:45:14","modified_gmt":"2019-03-09T20:45:14","slug":"boka-kotorska","status":"publish","type":"page","link":"https:\/\/www.bokasailingtour.com\/sr\/boka-kotorska\/","title":{"rendered":"Boka Kotorska"},"content":{"rendered":{},"protected":false},"excerpt":{"rendered":"<p>[vc_row type=&#8220;vc_default&#8220; full_width=&#8220;stretch_row_content_no_spaces&#8220;][vc_column][vc_single_image image=&#8220;1531&#8243; img_size=&#8220;full&#8220;][\/vc_column][\/vc_row][vc_row][vc_column][vc_column_text]Boka kotorska, ili skra\u0107eno Boka, istorijska je geografska oblast koja se nalazi u Crnoj Gori. U oblasti se nalazi zaliv Jadranskog mora. Zaliv je duboko za\u0161ao pod litice Lov\u0107ena (1.654 m) i Orjena (1.894 m). Po\u010dinje Hercegnovskim zalivom, koji se su\u017eava u Kumborski tesnac, njime prelazi u Tivatski zaliv, pa kroz&hellip;<\/p>\n","protected":false},"author":1,"featured_media":0,"parent":0,"menu_order":5,"comment_status":"closed","ping_status":"closed","template":"","meta":{"footnotes":""},"_links":{"self":[{"href":"https:\/\/www.bokasailingtour.com\/sr\/wp-json\/wp\/v2\/pages\/1233"}],"collection":[{"href":"https:\/\/www.bokasailingtour.com\/sr\/wp-json\/wp\/v2\/pages"}],"about":[{"href":"https:\/\/www.bokasailingtour.com\/sr\/wp-json\/wp\/v2\/types\/page"}],"author":[{"embeddable":true,"href":"https:\/\/www.bokasailingtour.com\/sr\/wp-json\/wp\/v2\/users\/1"}],"replies":[{"embeddable":true,"href":"https:\/\/www.bokasailingtour.com\/sr\/wp-json\/wp\/v2\/comments?post=1233"}],"version-history":[{"count":8,"href":"https:\/\/www.bokasailingtour.com\/sr\/wp-json\/wp\/v2\/pages\/1233\/revisions"}],"predecessor-version":[{"id":1546,"href":"https:\/\/www.bokasailingtour.com\/sr\/wp-json\/wp\/v2\/pages\/1233\/revisions\/1546"}],"wp:attachment":[{"href":"https:\/\/www.bokasailingtour.com\/sr\/wp-json\/wp\/v2\/media?parent=1233"}],"curies":[{"name":"wp","href":"https:\/\/api.w.org\/{rel}","templated":true}]}}